{"id":1744,"date":"2023-06-28T05:23:08","date_gmt":"2023-06-28T05:23:08","guid":{"rendered":"http:\/\/idesignlinks.com\/?page_id=1744"},"modified":"2023-06-28T06:22:41","modified_gmt":"2023-06-28T06:22:41","slug":"macsa","status":"publish","type":"page","link":"https:\/\/idesignlinks.com\/index.php\/macsa\/","title":{"rendered":"macsa"},"content":{"rendered":"<section class=\"wpb-content-wrapper\"><p>[vc_row full_width=&#8221;stretch_row_content&#8221; video_bg=&#8221;yes&#8221; video_bg_url=&#8221;https:\/\/www.youtube.com\/watch?v=CVwcIuv6ZsA&#8221;][vc_column][vc_column_text css=&#8221;.vc_custom_1687932718817{padding-top: 250px !important;padding-bottom: 100px !important;padding-left: 100px !important;}&#8221;]<\/p>\n<h2 style=\"color: white;\"><strong>ALIMENTACI\u00d3N Y BEBIDAS<\/strong><\/h2>\n<h4><strong style=\"color: white;\">L\u00edderes en soluciones de codificaci\u00f3n y trazabilidad alimentaria<\/strong><\/h4>\n<p>[\/vc_column_text][\/vc_column][\/vc_row][vc_row][vc_column width=&#8221;1\/2&#8243;][vc_column_text]<strong style=\"color: red;\">Macsa id<\/strong> ofrece novedosos sistemas de codificaci\u00f3n tanto en <strong style=\"color: red;\">l\u00e1se<\/strong>r como en <strong style=\"color: red;\">tinta<\/strong> en uno de los entornos de producci\u00f3n m\u00e1s exigentes que existen: el de <strong style=\"color: red;\">alimentaci\u00f3n y bebidas<\/strong>. El resultado es un <strong style=\"color: red;\">marcaje fiable y legible<\/strong> sobre un amplio rango de sustratos, asegurando tanto el producto, como la tranquilidad de los clientes.<\/p>\n<p><img decoding=\"async\" loading=\"lazy\" class=\"alignnone size-medium wp-image-1746\" src=\"https:\/\/idesignlinks.com\/wp-content\/uploads\/2023\/06\/img-300x48.png\" alt=\"\" width=\"300\" height=\"48\" srcset=\"https:\/\/idesignlinks.com\/wp-content\/uploads\/2023\/06\/img-300x48.png 300w, https:\/\/idesignlinks.com\/wp-content\/uploads\/2023\/06\/img.png 748w\" sizes=\"(max-width: 300px) 100vw, 300px\" \/>[\/vc_column_text][\/vc_column][vc_column width=&#8221;1\/2&#8243;][\/vc_column][\/vc_row][vc_row equal_height=&#8221;yes&#8221; css=&#8221;.vc_custom_1687930621730{background-color: #757575 !important;}&#8221;][vc_column width=&#8221;1\/3&#8243; css=&#8221;.vc_custom_1687930333062{background-color: #ffffff !important;}&#8221;][vc_column_text]<\/p>\n<h3 style=\"text-align: center;\"><strong><u>PREGUNTAS FRECUENTES<\/u><\/strong><\/h3>\n<p>[\/vc_column_text][vc_tta_accordion title_tag=&#8221;h3&#8243; section_title_tag=&#8221;h5&#8243; color=&#8221;white&#8221; active_section=&#8221;1&#8243; css=&#8221;.vc_custom_1687930736096{background-color: #ffffff !important;}&#8221;][vc_tta_section title=&#8221;1- \u00bfQu\u00e9 es SPARK by Macsa?&#8221; tab_id=&#8221;1687930123899-0a66bc13-ca3b&#8221;][vc_column_text]SPARK es un <strong style=\"color: red;\">codificador l\u00e1ser <\/strong>de caracteres peque\u00f1os de CO2.<\/p>\n<p><span data-mce-type=\"bookmark\" style=\"display: inline-block; width: 0px; overflow: hidden; line-height: 0;\" class=\"mce_SELRES_start\">\ufeff<\/span>[\/vc_column_text][\/vc_tta_section][vc_tta_section title=&#8221;2- \u00bfQu\u00e9 sustratos codifica?&#8221; tab_id=&#8221;1687930123899-f388d9cf-ed01&#8243;][vc_column_text]Marca caracteres peque\u00f1os sobre materiales utilizados en la industria del <strong style=\"color: red;\">packaging <\/strong>(papel-cart\u00f3n, vidrio, org\u00e1nico, PET y madera).[\/vc_column_text][\/vc_tta_section][vc_tta_section title=&#8221;3- \u00bfQu\u00e9 caracter\u00edsticas tiene el marcaje proporcionado?&#8221; tab_id=&#8221;1687930226161-6a827ce1-19fb&#8221;][vc_column_text]Es <strong style=\"color: red;\">permanente<\/strong>,<strong> sostenible <\/strong>e<strong> indeleble<\/strong>.[\/vc_column_text][\/vc_tta_section][vc_tta_section title=&#8221;4- \u00bfCu\u00e1l es su costo de mantenimiento?&#8221; tab_id=&#8221;1687930242526-3cde344b-b11e&#8221;][vc_column_text]Despu\u00e9s de poco m\u00e1s de un a\u00f1o, el l\u00e1ser habr\u00e1 costado <strong style=\"color: red;\">menos que un sistema de inyecci\u00f3n de tinta<\/strong>.<\/p>\n<p>&nbsp;[\/vc_column_text][\/vc_tta_section][vc_tta_section title=&#8221;5- \u00bfPor qu\u00e9 es sostenible?&#8221; tab_id=&#8221;1687930260152-c6c4fde0-5216&#8243;][vc_column_text]Entre varios beneficios, reduce los costes de funcionamiento al <strong style=\"color: red;\">no necesitar consumibles, ni tintas, ni disolventes<\/strong>.[\/vc_column_text][\/vc_tta_section][vc_tta_section title=&#8221;6- \u00bfC\u00f3mo es su software?&#8221; tab_id=&#8221;1687930278734-5d392436-c44b&#8221;][vc_column_text]El software <strong style=\"color: red;\">Integranet 4.0<\/strong> permite la gesti\u00f3n remota de datos y equipo, supervisar la eficiencia de las l\u00edneas de producci\u00f3n y planificar el mantenimiento.<\/p>\n<p><span data-mce-type=\"bookmark\" style=\"display: inline-block; width: 0px; overflow: hidden; line-height: 0;\" class=\"mce_SELRES_start\">\ufeff<\/span>[\/vc_column_text][\/vc_tta_section][vc_tta_section title=&#8221;7- \u00bfSPARK garantiza la trazabilidad del producto?&#8221; tab_id=&#8221;1687930303087-c3e6f379-49d3&#8243;][vc_column_text]Spark brinda el marcaje ideal para <strong style=\"color: red;\">evitar falsificaciones<\/strong> y <strong>garantizar la protecci\u00f3n<\/strong> de la marca y sus productos.[\/vc_column_text][vc_btn title=&#8221;Solicitar Una Demo&#8221; style=&#8221;custom&#8221; custom_background=&#8221;#c1c1c1&#8243; custom_text=&#8221;#000000&#8243; shape=&#8221;round&#8221; size=&#8221;lg&#8221; align=&#8221;center&#8221;][\/vc_tta_section][\/vc_tta_accordion][\/vc_column][vc_column video_bg=&#8221;yes&#8221; video_bg_url=&#8221;https:\/\/www.youtube.com\/watch?v=CVwcIuv6ZsA&#8221; width=&#8221;1\/3&#8243; css=&#8221;.vc_custom_1687930613785{margin-right: 5px !important;margin-left: 5px !important;}&#8221;][vc_empty_space height=&#8221;200px&#8221;][vc_row_inner][vc_column_inner][\/vc_column_inner][\/vc_row_inner][\/vc_column][vc_column width=&#8221;1\/3&#8243; css=&#8221;.vc_custom_1687930555775{background-color: #ffffff !important;}&#8221;][vc_column_text]<\/p>\n<h3 style=\"text-align: center;\"><strong><u>PREGUNTAS FRECUENTES<\/u><\/strong><\/h3>\n<p>[\/vc_column_text][vc_single_image image=&#8221;1282&#8243; img_size=&#8221;large&#8221; css=&#8221;.vc_custom_1687930846449{padding-top: 50px !important;padding-bottom: 50px !important;}&#8221;][vc_btn title=&#8221;Solicitar Una Demo&#8221; style=&#8221;custom&#8221; custom_background=&#8221;#c1c1c1&#8243; custom_text=&#8221;#000000&#8243; shape=&#8221;round&#8221; size=&#8221;lg&#8221; align=&#8221;center&#8221;][\/vc_column][\/vc_row][vc_row][vc_column width=&#8221;1\/2&#8243; css=&#8221;.vc_custom_1687932839337{border-right-width: 1px !important;padding-right: 5px !important;border-right-color: #bababa !important;border-right-style: solid !important;}&#8221;][vc_column_text]<\/p>\n<ul style=\"color: #404040;\">\n<li style=\"margin-bottom: 20px;\">\u00bfSe puede <strong style=\"color: red;\">integrar<\/strong> el etiquetado, la codificaci\u00f3n en tinta y el marcaje l\u00e1ser en una <strong style=\"color: red;\">misma l\u00ednea de producci\u00f3n<\/strong>?<\/li>\n<li style=\"margin-bottom: 20px;\">\u00bfSe puede abordar de forma \u00e1gil y controlada la codificaci\u00f3n y marcaje de alimentos, etiquetas, envases, film, cajas y pallets?<\/li>\n<li style=\"margin-bottom: 20px;\">\u00bfSe puede disponer de un <strong style=\"color: red;\">servicio completo<\/strong> que incluya maquinaria, software y servicios de mantenimiento y post venta?<\/li>\n<li style=\"margin-bottom: 20px;\">\u00bfSe puede garantizar la trazabilidad y gestionarlo todo desde un <strong style=\"color: red;\">software<\/strong> que centralice el proceso de codificaci\u00f3n y marcaje?<\/li>\n<\/ul>\n<p>&nbsp;[\/vc_column_text][\/vc_column][vc_column width=&#8221;1\/2&#8243;][vc_row_inner][vc_column_inner width=&#8221;1\/2&#8243;][vc_single_image image=&#8221;1551&#8243; img_size=&#8221;100&#215;100&#8243; alignment=&#8221;center&#8221;][vc_column_text]<\/p>\n<p style=\"text-align: center;\"><strong>DANDO VALOR A LOS SERVICIOS POST VENTA Y 4.0<\/strong><\/p>\n<p>[\/vc_column_text][\/vc_column_inner][vc_column_inner width=&#8221;1\/2&#8243;][vc_single_image image=&#8221;1551&#8243; img_size=&#8221;100&#215;100&#8243; alignment=&#8221;center&#8221;][vc_column_text]<\/p>\n<p style=\"text-align: center;\"><strong>GARANT\u00cdA TECNOLOG\u00cdA A\u00d1OS Y FIABILIDAD<\/strong><\/p>\n<p>[\/vc_column_text][\/vc_column_inner][\/vc_row_inner][vc_btn title=&#8221;Solicitar Una Demo&#8221; style=&#8221;custom&#8221; custom_background=&#8221;#dd3333&#8243; custom_text=&#8221;#ffffff&#8221; shape=&#8221;round&#8221; size=&#8221;lg&#8221; align=&#8221;center&#8221;][\/vc_column][\/vc_row][vc_row css=&#8221;.vc_custom_1687931372674{background-color: #666666 !important;}&#8221;][vc_column][vc_images_carousel images=&#8221;1747,1748,1749,1750,1751,1752&#8243; img_size=&#8221;full&#8221; onclick=&#8221;link_no&#8221; slides_per_view=&#8221;6&#8243;][\/vc_column][\/vc_row][vc_row equal_height=&#8221;yes&#8221; content_placement=&#8221;top&#8221; css=&#8221;.vc_custom_1687931673216{background-color: #ffffff !important;}&#8221;][vc_column width=&#8221;1\/2&#8243;][vc_column_text css=&#8221;.vc_custom_1687931591264{padding-left: 20px !important;}&#8221;]<\/p>\n<h2 style=\"text-align: left;\"><strong>SERVICIOS DE MACSA <\/strong><\/h2>\n<h4 style=\"text-align: left;\"><strong>para el sector de alimentaci\u00f3n y bebidas<\/strong><\/h4>\n<p>[\/vc_column_text][vc_btn title=&#8221;QUIERO CONSULTOR CON UN ESPECIALISTA&#8221; style=&#8221;custom&#8221; custom_background=&#8221;#dd3333&#8243; custom_text=&#8221;#ffffff&#8221; shape=&#8221;round&#8221; size=&#8221;lg&#8221; align=&#8221;center&#8221; css=&#8221;.vc_custom_1687931924971{margin-top: 150px !important;}&#8221;][\/vc_column][vc_column width=&#8221;1\/2&#8243;][vc_row_inner][vc_column_inner width=&#8221;1\/2&#8243;][vc_single_image image=&#8221;1753&#8243; img_size=&#8221;full&#8221; css=&#8221;.vc_custom_1687931803209{margin-bottom: 0px !important;border-bottom-width: 0px !important;padding-bottom: 0px !important;}&#8221;][vc_column_text css=&#8221;.vc_custom_1687931830504{margin-top: 10px !important;}&#8221;]<\/p>\n<h4 style=\"text-align: left;\"><strong>Soluciones L\u00e1ser<\/strong><\/h4>\n<p>[\/vc_column_text][\/vc_column_inner][vc_column_inner width=&#8221;1\/2&#8243;][vc_single_image image=&#8221;1753&#8243; img_size=&#8221;full&#8221; css=&#8221;.vc_custom_1687931803209{margin-bottom: 0px !important;border-bottom-width: 0px !important;padding-bottom: 0px !important;}&#8221;][vc_column_text css=&#8221;.vc_custom_1687931863351{margin-top: 10px !important;}&#8221;]<\/p>\n<h4 style=\"text-align: left;\"><strong>Etiquetaje<\/strong><\/h4>\n<p>[\/vc_column_text][\/vc_column_inner][\/vc_row_inner][vc_row_inner][vc_column_inner width=&#8221;1\/2&#8243;][vc_single_image image=&#8221;1753&#8243; img_size=&#8221;full&#8221; css=&#8221;.vc_custom_1687931803209{margin-bottom: 0px !important;border-bottom-width: 0px !important;padding-bottom: 0px !important;}&#8221;][vc_column_text css=&#8221;.vc_custom_1687931875648{margin-top: 10px !important;}&#8221;]<\/p>\n<h4 style=\"text-align: left;\"><strong>Marcaje en tinta<\/strong><\/h4>\n<p>[\/vc_column_text][\/vc_column_inner][vc_column_inner width=&#8221;1\/2&#8243;][vc_single_image image=&#8221;1753&#8243; img_size=&#8221;full&#8221; css=&#8221;.vc_custom_1687931803209{margin-bottom: 0px !important;border-bottom-width: 0px !important;padding-bottom: 0px !important;}&#8221;][vc_column_text css=&#8221;.vc_custom_1687931903207{margin-top: 10px !important;}&#8221;]<\/p>\n<h4 style=\"text-align: left;\"><strong>Software<\/strong><\/h4>\n<p>[\/vc_column_text][\/vc_column_inner][\/vc_row_inner][\/vc_column][\/vc_row]<\/p>\n<\/section>","protected":false},"excerpt":{"rendered":"<p>[vc_row full_width=&#8221;stretch_row_content&#8221; video_bg=&#8221;yes&#8221; video_bg_url=&#8221;https:\/\/www.youtube.com\/watch?v=CVwcIuv6ZsA&#8221;][vc_column][vc_column_text css=&#8221;.vc_custom_1687932718817{padding-top: 250px !important;padding-bottom: 100px !important;padding-left: 100px !important;}&#8221;] ALIMENTACI\u00d3N Y BEBIDAS L\u00edderes en soluciones de codificaci\u00f3n y trazabilidad alimentaria [\/vc_column_text][\/vc_column][\/vc_row][vc_row][vc_column width=&#8221;1\/2&#8243;][vc_column_text]Macsa id ofrece novedosos sistemas de codificaci\u00f3n tanto en l\u00e1ser como en tinta en uno de los entornos de producci\u00f3n m\u00e1s exigentes que existen: el de alimentaci\u00f3n y bebidas. El resultado es &hellip;<\/p>\n<p class=\"read-more\"> <a class=\"\" href=\"https:\/\/idesignlinks.com\/index.php\/macsa\/\"> <span class=\"screen-reader-text\">macsa<\/span> Read More &raquo;<\/a><\/p>\n","protected":false},"author":1,"featured_media":0,"parent":0,"menu_order":0,"comment_status":"closed","ping_status":"closed","template":"","meta":{"om_disable_all_campaigns":false,"_mi_skip_tracking":false,"site-sidebar-layout":"no-sidebar","site-content-layout":"plain-container","ast-main-header-display":"","ast-hfb-above-header-display":"","ast-hfb-below-header-display":"","ast-hfb-mobile-header-display":"","site-post-title":"disabled","ast-breadcrumbs-content":"","ast-featured-img":"disabled","footer-sml-layout":"","theme-transparent-header-meta":"","adv-header-id-meta":"","stick-header-meta":"","header-above-stick-meta":"","header-main-stick-meta":"","header-below-stick-meta":""},"_links":{"self":[{"href":"https:\/\/idesignlinks.com\/index.php\/wp-json\/wp\/v2\/pages\/1744"}],"collection":[{"href":"https:\/\/idesignlinks.com\/index.php\/wp-json\/wp\/v2\/pages"}],"about":[{"href":"https:\/\/idesignlinks.com\/index.php\/wp-json\/wp\/v2\/types\/page"}],"author":[{"embeddable":true,"href":"https:\/\/idesignlinks.com\/index.php\/wp-json\/wp\/v2\/users\/1"}],"replies":[{"embeddable":true,"href":"https:\/\/idesignlinks.com\/index.php\/wp-json\/wp\/v2\/comments?post=1744"}],"version-history":[{"count":4,"href":"https:\/\/idesignlinks.com\/index.php\/wp-json\/wp\/v2\/pages\/1744\/revisions"}],"predecessor-version":[{"id":1756,"href":"https:\/\/idesignlinks.com\/index.php\/wp-json\/wp\/v2\/pages\/1744\/revisions\/1756"}],"wp:attachment":[{"href":"https:\/\/idesignlinks.com\/index.php\/wp-json\/wp\/v2\/media?parent=1744"}],"curies":[{"name":"wp","href":"https:\/\/api.w.org\/{rel}","templated":true}]}}